{"id":458,"date":"2022-10-15T12:46:10","date_gmt":"2022-10-15T12:46:10","guid":{"rendered":"https:\/\/www.les-rencontres-de-rignac.fr\/english\/?page_id=458"},"modified":"2024-02-23T14:06:21","modified_gmt":"2024-02-23T14:06:21","slug":"heather-newhouse","status":"publish","type":"page","link":"https:\/\/www.les-rencontres-de-rignac.fr\/english\/heather-newhouse\/","title":{"rendered":"HEATHER NEWHOUSE"},"content":{"rendered":"<div class=\"wp-block-image is-style-default\">\n<figure class=\"aligncenter size-large\"><img loading=\"lazy\" decoding=\"async\" width=\"683\" height=\"1024\" src=\"https:\/\/www.les-rencontres-de-rignac.fr\/english\/wp-content\/uploads\/2024\/02\/heather-683x1024.jpg\" alt=\"\" class=\"wp-image-1247\" srcset=\"https:\/\/www.les-rencontres-de-rignac.fr\/english\/wp-content\/uploads\/2024\/02\/heather-683x1024.jpg 683w, https:\/\/www.les-rencontres-de-rignac.fr\/english\/wp-content\/uploads\/2024\/02\/heather-200x300.jpg 200w, https:\/\/www.les-rencontres-de-rignac.fr\/english\/wp-content\/uploads\/2024\/02\/heather-768x1152.jpg 768w, https:\/\/www.les-rencontres-de-rignac.fr\/english\/wp-content\/uploads\/2024\/02\/heather-40x60.jpg 40w, https:\/\/www.les-rencontres-de-rignac.fr\/english\/wp-content\/uploads\/2024\/02\/heather.jpg 1024w\" sizes=\"auto, (max-width: 683px) 100vw, 683px\" \/><\/figure>\n<\/div>\n\n\n<div style=\"height:50px\" aria-hidden=\"true\" class=\"wp-block-spacer\"><\/div>\n\n\n\n<p>Canadian soprano, <strong>Heather Newhouse<\/strong>, studied with Kevin McMillan at the University of Western<br>Ontario, Canada where she completed a Bachelor of Music in Voice Performance with honours and<br>received the gold medal. In 2006, she completed a Master of Music at the Guildhall School of Music<br>and Drama in London. In 2006, she moved to France to pursue further training at the Conservatoire<br>National Sup\u00e9rieur de Musique et Danse de Lyon where she studied with Brain Parsons. She has since<br>continued to study voice with C\u00e9cile De Boever and Susan McCulloch. In 2010, she participated in the<br>summer academy at the Festival d&#8217;Aix-en- Provence. In 2012, she was awarded First Prize at the<br>Concours international de chant baroque in Froville and Second Prize at the Concours international de<br>M\u00e2con. From 2011 to 2013, she was a member of the Opera Studio at the Op\u00e9ra National de Lyon,<br>working closely with Jean-Paul Fouch\u00e9court. She performed in numerous productions : <strong><em>Die<\/em><br><em>Zauberfl\u00f6te<\/em><\/strong> (Pamina) with Stefano Montanari, <strong><em>Parsifal <\/em><\/strong>(Blumenm\u00e4dchen) and <strong><em>The Turn of the Screw<\/em><\/strong><br>(Governess) with Kazushi Ono.<\/p>\n\n\n\n<p>Heather pursues an international career, in operatic and concert repertoire. She has performed:<br>Mozart\u2019s <strong><em>Der Schauspieldirektor<\/em><\/strong> (Mlle Silberklang) with Leonardo Garcia Alarcon and the Orchestre de<br>Chambre de Gen\u00e8ve, Britten\u2019s <strong><em>The Turn of the Screw<\/em><\/strong> (Governess) with the late Patrick Davin at the<br>Op\u00e9ra du Rhin, <strong><em>L\u2019Europe galante<\/em><\/strong> (C\u00e9phise) by Campra with Les Nouveaux Caract\u00e8res, directed by<br>S\u00e9bastien d\u2019H\u00e9rin at the Op\u00e9ra de Versailles, <strong><em>Berio Folk Songs<\/em><\/strong> with Patrick Davin and the Orchestre<br>Symphonique de Mulhouse, <strong><em>Quatre Jeunes Filles<\/em><\/strong> by Edison Denisov with Daniel Kawka at the festival<br>Printemps des Arts de Monte-Carlo. In Canada, she sang Mozart\u2019s <em><strong>Requiem<\/strong><\/em> with l\u2019Orchestre<br>Symphonique de Montr\u00e9al conducted by Herv\u00e9 Niquet. She sang Charpentier\u2019s <em><strong>Litanies de la Vierge<\/strong><\/em><br>with Ensemble Correspondances, S\u00e9bastien Dauc\u00e9. She returned to Montreal in 2022 to sing with<br>Arion Baroque, Mathieu Lussier, for a recital of French women Baroque composers and Rameau arias.<br>Also in 2022, she sang Bach\u2019s <em><strong>B minor Mass<\/strong><\/em> with Ensemble Arianna, directed by Marie-Paule Nounou<br>and Grieg\u2019s <em><strong>Peer Gynt<\/strong><\/em> (village girl) with Elena Schwarz at the Op\u00e9ra de Lyon.<\/p>\n\n\n\n<p>Heather Newhouse works closely with two Baroque ensembles: Ausonia and Le Concert de l\u2019Hostel Dieu.<br>Ensemble Ausonia, musical director Fr\u00e9d\u00e9rick Haas, has invited Heather for productions such as : Bach<br>\u2013 <strong><em>Kapellmeister &amp; Cantor<\/em><\/strong> and a co-production with Les Festivals de Wallonies <strong><em>Combattimento<\/em><\/strong> \u2013 a<br>concert that features Monteverdi\u2019s great madrigal as well as <em><strong>Tomoe<\/strong><\/em>, a new composition by Claude<br>Ledoux. Le Concert de l\u2019Hostel Dieu, musical direction Franck-Emmanuel Comte, has collaborated with<br>Heather for productions such as : Pergolesi\u2019s <em><strong>Stabat Mater<\/strong><\/em>, a Mozart solo recital, given at the<br>prestigious Lyon Amphith\u00e9\u00e2tre, <em><strong>La Donna Barocca<\/strong><\/em>, a recital programme dedicated to Italian women<br>Baroque composers, and <strong><em>Folia <\/em><\/strong>premiered in 2018 for festival Nuits de Fourvi\u00e8re in Lyon. <strong><em>Folia <\/em><\/strong>is a dance<br>creation by Mourad Merzouki, a fusion of Baroque music and hip-hop dance in which she sings<br>neapolitan folksongs and Vivaldi arias with a very engaging staging for the singer. With already 100<br>shows performed, Folia has toured in many prestigious European theaters : Th\u00e9\u00e2tre 13<sup>\u00e8me<\/sup> Art in Paris,<br>Theaterhaus Stuttgart &#8211; Coloris International Dance Festival, the Corum Opera in Montpellier, the<br>Op\u00e9ra Grand d\u2019Avignon, Moscow International Theatre Festival, Festival dei due Mondi in Spoleto,<br>Vaisonla-Romaine amphitheater.<\/p>\n\n\n\n<p>2023\/2024 season includes many performances in the ongoing tour of <strong><em>Folia<\/em><\/strong>, notably at Dijon Opera,<br>as well as <strong><em>Dolce Follia<\/em><\/strong>, the concert version of this same show. She will perform Pergolesi\u2019s <em><strong>Salve Regina<\/strong><\/em><br>with the Ensemble Baroque de Nice. She will perform for the Radio France live broadcast G\u00e9n\u00e9ration<br>France Musique with her newly founded chamber music trio Dara &#8211; the concert programme <em><strong>London<br>Fog<\/strong><\/em> \u2013 Benjamin Britten\u2019s realizations of Purcell songs and folksongs. She is delighted to be returning to<br>Montreal to sing with Arion Baroque \u2013 <em><strong>The French Connection<\/strong><\/em> \u2013 a concert programme that highlights<br>French influence on English music in the 17<sup>th<\/sup> century, Purcell, Lully and others!<\/p>\n\n\n\n<p><a href=\"https:\/\/www.heather-newhouse.com\/\">https:\/\/www.heather-newhouse.com\/<\/a><\/p>\n","protected":false},"excerpt":{"rendered":"<p>Canadian soprano, Heather Newhouse, studied with Kevin McMillan at the University of WesternOntario, Canada where she completed a Bachelor of Music in Voice Performance with honours andreceived the gold medal. In 2006, she completed a Master of Music at the Guildhall School of Musicand Drama in London. In 2006, she moved to France to pursue &hellip; <\/p>\n","protected":false},"author":1,"featured_media":0,"parent":0,"menu_order":0,"comment_status":"closed","ping_status":"closed","template":"","meta":{"footnotes":""},"class_list":["post-458","page","type-page","status-publish","hentry"],"_links":{"self":[{"href":"https:\/\/www.les-rencontres-de-rignac.fr\/english\/wp-json\/wp\/v2\/pages\/458","targetHints":{"allow":["GET"]}}],"collection":[{"href":"https:\/\/www.les-rencontres-de-rignac.fr\/english\/wp-json\/wp\/v2\/pages"}],"about":[{"href":"https:\/\/www.les-rencontres-de-rignac.fr\/english\/wp-json\/wp\/v2\/types\/page"}],"author":[{"embeddable":true,"href":"https:\/\/www.les-rencontres-de-rignac.fr\/english\/wp-json\/wp\/v2\/users\/1"}],"replies":[{"embeddable":true,"href":"https:\/\/www.les-rencontres-de-rignac.fr\/english\/wp-json\/wp\/v2\/comments?post=458"}],"version-history":[{"count":32,"href":"https:\/\/www.les-rencontres-de-rignac.fr\/english\/wp-json\/wp\/v2\/pages\/458\/revisions"}],"predecessor-version":[{"id":1430,"href":"https:\/\/www.les-rencontres-de-rignac.fr\/english\/wp-json\/wp\/v2\/pages\/458\/revisions\/1430"}],"wp:attachment":[{"href":"https:\/\/www.les-rencontres-de-rignac.fr\/english\/wp-json\/wp\/v2\/media?parent=458"}],"curies":[{"name":"wp","href":"https:\/\/api.w.org\/{rel}","templated":true}]}}