{"id":1471,"date":"2025-06-29T13:14:04","date_gmt":"2025-06-29T13:14:04","guid":{"rendered":"https:\/\/www.les-rencontres-de-rignac.fr\/english\/?page_id=1471"},"modified":"2025-06-29T13:26:33","modified_gmt":"2025-06-29T13:26:33","slug":"neve-brossard","status":"publish","type":"page","link":"https:\/\/www.les-rencontres-de-rignac.fr\/english\/neve-brossard\/","title":{"rendered":"NEVE BROSSARD"},"content":{"rendered":"\n<figure class=\"wp-block-image size-full\"><img loading=\"lazy\" decoding=\"async\" width=\"678\" height=\"1024\" src=\"https:\/\/www.les-rencontres-de-rignac.fr\/english\/wp-content\/uploads\/2025\/06\/Neve-brossard.jpg\" alt=\"\" class=\"wp-image-1479\" srcset=\"https:\/\/www.les-rencontres-de-rignac.fr\/english\/wp-content\/uploads\/2025\/06\/Neve-brossard.jpg 678w, https:\/\/www.les-rencontres-de-rignac.fr\/english\/wp-content\/uploads\/2025\/06\/Neve-brossard-199x300.jpg 199w, https:\/\/www.les-rencontres-de-rignac.fr\/english\/wp-content\/uploads\/2025\/06\/Neve-brossard-40x60.jpg 40w\" sizes=\"auto, (max-width: 678px) 100vw, 678px\" \/><\/figure>\n\n\n\n<p><strong>Neve Brossard<\/strong>\u00a0est chanteur.euse et com\u00e9dien.ne dans plusieurs projets allant de la pi\u00e8ce de th\u00e9\u00e2tre de Jardin, \u00e0 la Post-Hyperpop (@graphy_t._ ) en passant par la chanson A Cappella (@vilaine_bouche ). Ayant autant une formation musicale qu\u2019une formation de Th\u00e9\u00e2tre en Conservatoire, ael n\u2019a aucune limite dans la diversit\u00e9 de son art et de ses projets, si ce n\u2019est celle de son emploi du temps.<\/p>\n","protected":false},"excerpt":{"rendered":"<p>Neve Brossard\u00a0est chanteur.euse et com\u00e9dien.ne dans plusieurs projets allant de la pi\u00e8ce de th\u00e9\u00e2tre de Jardin, \u00e0 la Post-Hyperpop (@graphy_t._ ) en passant par la chanson A Cappella (@vilaine_bouche ). Ayant autant une formation musicale qu\u2019une formation de Th\u00e9\u00e2tre en Conservatoire, ael n\u2019a aucune limite dans la diversit\u00e9 de son art et de ses projets, &hellip; <\/p>\n","protected":false},"author":1,"featured_media":0,"parent":0,"menu_order":0,"comment_status":"closed","ping_status":"closed","template":"","meta":{"footnotes":""},"class_list":["post-1471","page","type-page","status-publish","hentry"],"_links":{"self":[{"href":"https:\/\/www.les-rencontres-de-rignac.fr\/english\/wp-json\/wp\/v2\/pages\/1471","targetHints":{"allow":["GET"]}}],"collection":[{"href":"https:\/\/www.les-rencontres-de-rignac.fr\/english\/wp-json\/wp\/v2\/pages"}],"about":[{"href":"https:\/\/www.les-rencontres-de-rignac.fr\/english\/wp-json\/wp\/v2\/types\/page"}],"author":[{"embeddable":true,"href":"https:\/\/www.les-rencontres-de-rignac.fr\/english\/wp-json\/wp\/v2\/users\/1"}],"replies":[{"embeddable":true,"href":"https:\/\/www.les-rencontres-de-rignac.fr\/english\/wp-json\/wp\/v2\/comments?post=1471"}],"version-history":[{"count":2,"href":"https:\/\/www.les-rencontres-de-rignac.fr\/english\/wp-json\/wp\/v2\/pages\/1471\/revisions"}],"predecessor-version":[{"id":1496,"href":"https:\/\/www.les-rencontres-de-rignac.fr\/english\/wp-json\/wp\/v2\/pages\/1471\/revisions\/1496"}],"wp:attachment":[{"href":"https:\/\/www.les-rencontres-de-rignac.fr\/english\/wp-json\/wp\/v2\/media?parent=1471"}],"curies":[{"name":"wp","href":"https:\/\/api.w.org\/{rel}","templated":true}]}}