{"id":1459,"date":"2025-06-29T13:12:12","date_gmt":"2025-06-29T13:12:12","guid":{"rendered":"https:\/\/www.les-rencontres-de-rignac.fr\/english\/?page_id=1459"},"modified":"2025-06-29T13:21:28","modified_gmt":"2025-06-29T13:21:28","slug":"victorien-disse","status":"publish","type":"page","link":"https:\/\/www.les-rencontres-de-rignac.fr\/english\/victorien-disse\/","title":{"rendered":"VICTORIEN DISSE"},"content":{"rendered":"\n<figure class=\"wp-block-image size-full\"><img loading=\"lazy\" decoding=\"async\" width=\"683\" height=\"1024\" src=\"https:\/\/www.les-rencontres-de-rignac.fr\/english\/wp-content\/uploads\/2025\/06\/Victorien-DISSE.jpg\" alt=\"\" class=\"wp-image-1484\" srcset=\"https:\/\/www.les-rencontres-de-rignac.fr\/english\/wp-content\/uploads\/2025\/06\/Victorien-DISSE.jpg 683w, https:\/\/www.les-rencontres-de-rignac.fr\/english\/wp-content\/uploads\/2025\/06\/Victorien-DISSE-200x300.jpg 200w, https:\/\/www.les-rencontres-de-rignac.fr\/english\/wp-content\/uploads\/2025\/06\/Victorien-DISSE-40x60.jpg 40w\" sizes=\"auto, (max-width: 683px) 100vw, 683px\" \/><\/figure>\n\n\n\n<p>Victorien DISSE, guitariste de formation, s\u2019int\u00e9resse tr\u00e8s vite \u00e0 la musique Flamenca, sous l\u2019enseignement de Claude Worms. Entre temps, il entre au CNR de Rouen en guitare Classique dans la classe d\u2019Alain Rizoul. Passionn\u00e9 de Jazz depuis son enfance, il entre \u00e0 l\u2019American School of Modern Music, o\u00f9 il obtient le dipl\u00f4me en 2010.<\/p>\n\n\n\n<p>Il se tourne ensuite vers la musique ancienne, o\u00f9 il suit l\u2019enseignement du luth baroque avec Miguel Yisrael, puis au CRR de Versailles pour suivre les cours de Benjamin Perrot en Th\u00e9orbe et luths. Il se produit r\u00e9guli\u00e8rement, en musique de chambre, orchestre, opera ou enregistrement avec le Poeme Harmonique, ensemble Correspondances, le Concert Spirituel, ensemble El Sol, L\u2019escadron Volant de la Reine\u2026<\/p>\n","protected":false},"excerpt":{"rendered":"<p>Victorien DISSE, guitariste de formation, s\u2019int\u00e9resse tr\u00e8s vite \u00e0 la musique Flamenca, sous l\u2019enseignement de Claude Worms. Entre temps, il entre au CNR de Rouen en guitare Classique dans la classe d\u2019Alain Rizoul. Passionn\u00e9 de Jazz depuis son enfance, il entre \u00e0 l\u2019American School of Modern Music, o\u00f9 il obtient le dipl\u00f4me en 2010. Il &hellip; <\/p>\n","protected":false},"author":1,"featured_media":0,"parent":0,"menu_order":0,"comment_status":"closed","ping_status":"closed","template":"","meta":{"footnotes":""},"class_list":["post-1459","page","type-page","status-publish","hentry"],"_links":{"self":[{"href":"https:\/\/www.les-rencontres-de-rignac.fr\/english\/wp-json\/wp\/v2\/pages\/1459","targetHints":{"allow":["GET"]}}],"collection":[{"href":"https:\/\/www.les-rencontres-de-rignac.fr\/english\/wp-json\/wp\/v2\/pages"}],"about":[{"href":"https:\/\/www.les-rencontres-de-rignac.fr\/english\/wp-json\/wp\/v2\/types\/page"}],"author":[{"embeddable":true,"href":"https:\/\/www.les-rencontres-de-rignac.fr\/english\/wp-json\/wp\/v2\/users\/1"}],"replies":[{"embeddable":true,"href":"https:\/\/www.les-rencontres-de-rignac.fr\/english\/wp-json\/wp\/v2\/comments?post=1459"}],"version-history":[{"count":2,"href":"https:\/\/www.les-rencontres-de-rignac.fr\/english\/wp-json\/wp\/v2\/pages\/1459\/revisions"}],"predecessor-version":[{"id":1489,"href":"https:\/\/www.les-rencontres-de-rignac.fr\/english\/wp-json\/wp\/v2\/pages\/1459\/revisions\/1489"}],"wp:attachment":[{"href":"https:\/\/www.les-rencontres-de-rignac.fr\/english\/wp-json\/wp\/v2\/media?parent=1459"}],"curies":[{"name":"wp","href":"https:\/\/api.w.org\/{rel}","templated":true}]}}